{"id":629,"date":"2019-10-03T19:40:43","date_gmt":"2019-10-03T19:40:43","guid":{"rendered":"https:\/\/www.afrcerrajeros.com\/taller-movil-malaga\/"},"modified":"2021-02-01T17:52:32","modified_gmt":"2021-02-01T16:52:32","slug":"mobile-garage-malaga","status":"publish","type":"page","link":"https:\/\/www.afrcerrajeros.com\/en\/mobile-garage-malaga\/","title":{"rendered":"Mobile garage M\u00e1laga"},"content":{"rendered":"<section class=\"wpb-content-wrapper\"><p>[vc_row css_animation=&#8221;&#8221; row_type=&#8221;row&#8221; use_row_as_full_screen_section=&#8221;no&#8221; type=&#8221;grid&#8221; angled_section=&#8221;no&#8221; text_align=&#8221;left&#8221; background_image_as_pattern=&#8221;without_pattern&#8221; padding_top=&#8221;50&#8243; z_index=&#8221;&#8221;][vc_column][vc_column_text]<\/p>\n<h2 style=\"text-align: center;\" align=\"LEFT\">Professional locksmiths for your car in M\u00e1laga.<\/h2>\n<h2 style=\"text-align: center;\" align=\"LEFT\">\u00a1Nuestro taller m\u00f3vil\u00a0 a su disposici\u00f3n!<\/h2>\n<p>[\/vc_column_text][\/vc_column][\/vc_row][vc_row css_animation=&#8221;&#8221; row_type=&#8221;row&#8221; use_row_as_full_screen_section=&#8221;no&#8221; type=&#8221;grid&#8221; angled_section=&#8221;no&#8221; text_align=&#8221;left&#8221; background_image_as_pattern=&#8221;without_pattern&#8221; padding_top=&#8221;50&#8243; z_index=&#8221;&#8221;][vc_column][vc_column_text]We have a <strong>mobile garage<\/strong> for the locksmith&#8217;s office of the car with which <strong>we move to any point of the province of M\u00e1laga<\/strong>. From our mobile workshop we offer all services professionally and quickly, something that characterizes us in <a href=\"https:\/\/www.facebook.com\/pg\/afrcerrajeros\/reviews\/\">the opinions that our customers reflect on Facebook.<\/a><\/p>\n<p>Trust the team of professionals at AFR Cerrajeros M\u00e1laga and request any of our car locksmith services: <strong>Duplicate car keys, opening doors without damage<\/strong> (if you have left your car keys inside or lost them), <strong>total loss of car<\/strong>, motorbike or truck keys.<\/p>\n<p>&nbsp;[\/vc_column_text][vc_separator type=&#8221;transparent&#8221;][\/vc_column][\/vc_row][vc_row css_animation=&#8221;&#8221; row_type=&#8221;row&#8221; use_row_as_full_screen_section=&#8221;no&#8221; type=&#8221;grid&#8221; angled_section=&#8221;no&#8221; text_align=&#8221;left&#8221; background_image_as_pattern=&#8221;without_pattern&#8221; z_index=&#8221;&#8221;][vc_column width=&#8221;1\/2&#8243;][vc_single_image image=&#8221;610&#8243; img_size=&#8221;large&#8221; qode_css_animation=&#8221;&#8221;][vc_empty_space height=&#8221;17px&#8221;][vc_column_text]<\/p>\n<h3>Advantages of the mobile garage service<\/h3>\n<p>[\/vc_column_text][vc_empty_space height=&#8221;8px&#8221;][vc_column_text]Did you lose your car keys and you don&#8217;t have a copy? Did your car keys stay in your car and you can&#8217;t access it?<\/p>\n<p>These situations are a problem in a day&#8217;s work or leisure, and even more so when we are away from home or do not want to be late for work. The situation we are faced with is <strong>to call the crane, which will take our car to the appropriate garage<\/strong> and then call the dealer concerned to solve the problem.<\/p>\n<p><strong>With AFR cerrajeros you can have your problem solved in a short period of time. We will move with our mobile garage to the point of M\u00e1laga where you are and can solve your problem in the moment.<\/strong>[\/vc_column_text][vc_empty_space height=&#8221;50px&#8221;][\/vc_column][vc_column width=&#8221;1\/2&#8243;][vc_single_image image=&#8221;594&#8243; img_size=&#8221;large&#8221; qode_css_animation=&#8221;&#8221;][vc_empty_space height=&#8221;17px&#8221;][vc_column_text]<\/p>\n<h3>Car locksmith services we offer<\/h3>\n<p>[\/vc_column_text][vc_empty_space height=&#8221;8px&#8221;][vc_column_text]From the mobile workshop of AFR locksmiths we offer:<\/p>\n<ul>\n<li><strong>Copy of car keys.<\/strong> We will make an exact copy of the keys of your car in any format you want (depending on the model of car): keys with control, card transporter &#8230;<\/li>\n<li><strong>Duplicate of keys or new key, in the case of total loss of keys.<\/strong> If you lose your keys, we have in our mobile workshop all the software and devices necessary to make a car key for your vehicle. We specialize in luxury cars.<\/li>\n<li><strong>Opening of car doors, without damage<\/strong>. We will open the door of your car, without damaging it, so you can continue to enjoy its use.<\/li>\n<\/ul>\n<p>We serve in M\u00e1laga province: M\u00e1laga center, Churriana, Alhaur\u00edn de la Torre, Alhaur\u00edn el Grande, Torremolinos, Arroyo de la Miel, Benalm\u00e1dena, Fuengirola, Mijas, Marbella, Estepona, V\u00e9lez-M\u00e1laga, Torrox, Antequera.[\/vc_column_text][vc_empty_space height=&#8221;50px&#8221;][\/vc_column][\/vc_row][vc_row css_animation=&#8221;&#8221; row_type=&#8221;row&#8221; use_row_as_full_screen_section=&#8221;no&#8221; type=&#8221;grid&#8221; angled_section=&#8221;no&#8221; text_align=&#8221;left&#8221; background_image_as_pattern=&#8221;without_pattern&#8221; z_index=&#8221;&#8221;][vc_column][vc_column_text]<\/p>\n<h2 style=\"text-align: center;\">The only car locksmith company that offers this travel service in Malaga.<\/h2>\n<p>[\/vc_column_text][vc_separator type=&#8221;transparent&#8221; down=&#8221;15&#8243;][\/vc_column][\/vc_row][vc_row css_animation=&#8221;&#8221; row_type=&#8221;row&#8221; use_row_as_full_screen_section=&#8221;no&#8221; type=&#8221;full_width&#8221; angled_section=&#8221;no&#8221; text_align=&#8221;left&#8221; background_image_as_pattern=&#8221;without_pattern&#8221;][vc_column]<div class=\"call_to_action simple\" style=\"background-color: #1e73be;padding-top: 55px;padding-bottom: 55px;\"><div class=\"container_inner\"><div class=\"text_wrapper column1\"><div class=\"call_to_action_text  font_weight_inherit\" style=\"font-weight: 300;\">\n<h3><span style=\"color: #ffffff;\">Request a quote without obligation<\/span><\/h3>\n<\/div><a itemprop=\"url\" href=\"mailto:info@afrcerrajeros.com\" class=\"qbutton white large\" target=\"_blank\" style=\"color: #222222;border-color: #ffffff;background-color: #ffffff;\"data-hover-background-color=rgba(255,255,255,0.95) data-hover-border-color=rgba(255,255,255,0.95) data-hover-color=#222222>Cont\u00e1ctenos<\/a><\/div><\/div><\/div>[\/vc_column][\/vc_row]<\/p>\n<\/section>","protected":false},"excerpt":{"rendered":"<p>[vc_row css_animation=&#8221;&#8221; row_type=&#8221;row&#8221; use_row_as_full_screen_section=&#8221;no&#8221; type=&#8221;grid&#8221; angled_section=&#8221;no&#8221; text_align=&#8221;left&#8221; background_image_as_pattern=&#8221;without_pattern&#8221; padding_top=&#8221;50&#8243; z_index=&#8221;&#8221;][vc_column][vc_column_text] Professional locksmiths for your car in M\u00e1laga. \u00a1Nuestro taller m\u00f3vil\u00a0 a su disposici\u00f3n! [\/vc_column_text][\/vc_column][\/vc_row][vc_row css_animation=&#8221;&#8221;&#8230;<\/p>\n","protected":false},"author":1,"featured_media":0,"parent":0,"menu_order":0,"comment_status":"closed","ping_status":"closed","template":"full_width.php","meta":[],"_links":{"self":[{"href":"https:\/\/www.afrcerrajeros.com\/en\/wp-json\/wp\/v2\/pages\/629"}],"collection":[{"href":"https:\/\/www.afrcerrajeros.com\/en\/wp-json\/wp\/v2\/pages"}],"about":[{"href":"https:\/\/www.afrcerrajeros.com\/en\/wp-json\/wp\/v2\/types\/page"}],"author":[{"embeddable":true,"href":"https:\/\/www.afrcerrajeros.com\/en\/wp-json\/wp\/v2\/users\/1"}],"replies":[{"embeddable":true,"href":"https:\/\/www.afrcerrajeros.com\/en\/wp-json\/wp\/v2\/comments?post=629"}],"version-history":[{"count":11,"href":"https:\/\/www.afrcerrajeros.com\/en\/wp-json\/wp\/v2\/pages\/629\/revisions"}],"predecessor-version":[{"id":839,"href":"https:\/\/www.afrcerrajeros.com\/en\/wp-json\/wp\/v2\/pages\/629\/revisions\/839"}],"wp:attachment":[{"href":"https:\/\/www.afrcerrajeros.com\/en\/wp-json\/wp\/v2\/media?parent=629"}],"curies":[{"name":"wp","href":"https:\/\/api.w.org\/{rel}","templated":true}]}}